{"id":72,"date":"2015-10-26T11:45:14","date_gmt":"2015-10-26T11:45:14","guid":{"rendered":"http:\/\/www.cirurgiavet.com\/web\/?page_id=72"},"modified":"2024-08-08T20:23:28","modified_gmt":"2024-08-08T19:23:28","slug":"o-centro","status":"publish","type":"page","link":"http:\/\/www.cirurgiavet.com\/web\/o-centro\/","title":{"rendered":"O CENTRO"},"content":{"rendered":"<p>[et_pb_section fb_built=&#8221;1&#8243; custom_padding_last_edited=&#8221;on|desktop&#8221; admin_label=&#8221;section&#8221; _builder_version=&#8221;4.19.2&#8243; custom_padding=&#8221;0px|0px|48px|0px&#8221; custom_padding_tablet=&#8221;50px|0|50px|0&#8243; custom_padding_phone=&#8221;&#8221; transparent_background=&#8221;off&#8221; padding_mobile=&#8221;off&#8221; make_fullwidth=&#8221;off&#8221; use_custom_width=&#8221;off&#8221; width_unit=&#8221;off&#8221; custom_width_px=&#8221;1080px&#8221; custom_width_percent=&#8221;80%&#8221; global_colors_info=&#8221;{}&#8221;][et_pb_row padding_mobile=&#8221;off&#8221; column_padding_mobile=&#8221;on&#8221; admin_label=&#8221;row&#8221; _builder_version=&#8221;4.16&#8243; background_size=&#8221;initial&#8221; background_position=&#8221;top_left&#8221; background_repeat=&#8221;repeat&#8221; custom_padding=&#8221;40px|0px|12px|0px&#8221; make_fullwidth=&#8221;off&#8221; use_custom_width=&#8221;off&#8221; width_unit=&#8221;off&#8221; custom_width_px=&#8221;1080px&#8221; custom_width_percent=&#8221;80%&#8221; global_colors_info=&#8221;{}&#8221;][et_pb_column type=&#8221;4_4&#8243; _builder_version=&#8221;4.16&#8243; custom_padding=&#8221;|||&#8221; global_colors_info=&#8221;{}&#8221; custom_padding__hover=&#8221;|||&#8221;][et_pb_cta title=&#8221;O CENTRO&#8221; _builder_version=&#8221;4.16&#8243; use_background_color=&#8221;off&#8221; background_size=&#8221;initial&#8221; background_position=&#8221;top_left&#8221; background_repeat=&#8221;repeat&#8221; background_layout=&#8221;light&#8221; custom_margin=&#8221;||0px|&#8221; custom_padding=&#8221;|||&#8221; use_border_color=&#8221;off&#8221; border_color=&#8221;#ffffff&#8221; border_width=&#8221;1px&#8221; border_style=&#8221;solid&#8221; button_letter_spacing_hover=&#8221;0&#8243; global_colors_info=&#8221;{}&#8221; button_text_size__hover_enabled=&#8221;off&#8221; button_text_size__hover=&#8221;null&#8221; button_one_text_size__hover_enabled=&#8221;off&#8221; button_one_text_size__hover=&#8221;null&#8221; button_two_text_size__hover_enabled=&#8221;off&#8221; button_two_text_size__hover=&#8221;null&#8221; button_text_color__hover_enabled=&#8221;off&#8221; button_text_color__hover=&#8221;null&#8221; button_one_text_color__hover_enabled=&#8221;off&#8221; button_one_text_color__hover=&#8221;null&#8221; button_two_text_color__hover_enabled=&#8221;off&#8221; button_two_text_color__hover=&#8221;null&#8221; button_border_width__hover_enabled=&#8221;off&#8221; button_border_width__hover=&#8221;null&#8221; button_one_border_width__hover_enabled=&#8221;off&#8221; button_one_border_width__hover=&#8221;null&#8221; button_two_border_width__hover_enabled=&#8221;off&#8221; button_two_border_width__hover=&#8221;null&#8221; button_border_color__hover_enabled=&#8221;off&#8221; button_border_color__hover=&#8221;null&#8221; button_one_border_color__hover_enabled=&#8221;off&#8221; button_one_border_color__hover=&#8221;null&#8221; button_two_border_color__hover_enabled=&#8221;off&#8221; button_two_border_color__hover=&#8221;null&#8221; button_border_radius__hover_enabled=&#8221;off&#8221; button_border_radius__hover=&#8221;null&#8221; button_one_border_radius__hover_enabled=&#8221;off&#8221; button_one_border_radius__hover=&#8221;null&#8221; button_two_border_radius__hover_enabled=&#8221;off&#8221; button_two_border_radius__hover=&#8221;null&#8221; button_letter_spacing__hover_enabled=&#8221;on&#8221; button_letter_spacing__hover=&#8221;0&#8243; button_one_letter_spacing__hover_enabled=&#8221;off&#8221; button_one_letter_spacing__hover=&#8221;null&#8221; button_two_letter_spacing__hover_enabled=&#8221;off&#8221; button_two_letter_spacing__hover=&#8221;null&#8221; button_bg_color__hover_enabled=&#8221;off&#8221; button_bg_color__hover=&#8221;null&#8221; button_one_bg_color__hover_enabled=&#8221;off&#8221; button_one_bg_color__hover=&#8221;null&#8221; button_two_bg_color__hover_enabled=&#8221;off&#8221; button_two_bg_color__hover=&#8221;null&#8221;]<br \/>\n[\/et_pb_cta][et_pb_text admin_label=&#8221;Text&#8221; _builder_version=&#8221;4.16&#8243; background_size=&#8221;initial&#8221; background_position=&#8221;top_left&#8221; background_repeat=&#8221;repeat&#8221; custom_margin=&#8221;|||&#8221; custom_padding=&#8221;|||&#8221; use_border_color=&#8221;off&#8221; border_style=&#8221;solid&#8221; global_colors_info=&#8221;{}&#8221;]<\/p>\n<p>Os servi\u00e7os que disponibilizamos centram-se exclusivamente no diagn\u00f3stico e tratamento das doen\u00e7as do foro cir\u00fargico.<\/p>\n<p>N\u00e3o efectuamos servi\u00e7os fora deste \u00e2mbito, como vacina\u00e7\u00f5es, venda de produtos veterin\u00e1rios, etc, sendo estes disponibilizados pelo seu M\u00e9dico Veterin\u00e1rio Assistente.<\/p>\n<p>Privilegiamos o contacto permanente com o seu M\u00e9dico Veterin\u00e1rio Assistente durante todo o processo de diagn\u00f3stico e tratamento.<\/p>\n<p>Consideramo-nos uma extens\u00e3o dos v\u00e1rios centros veterin\u00e1rios que recorrem aos nossos servi\u00e7os e com os quais temos trabalhado desde h\u00e1 v\u00e1rios anos.<\/p>\n<p>[\/et_pb_text][\/et_pb_column][\/et_pb_row][et_pb_row padding_mobile=&#8221;off&#8221; column_padding_mobile=&#8221;on&#8221; admin_label=&#8221;row&#8221; _builder_version=&#8221;4.16&#8243; background_size=&#8221;initial&#8221; background_position=&#8221;top_left&#8221; background_repeat=&#8221;repeat&#8221; custom_margin=&#8221;20px||||false|false&#8221; custom_padding=&#8221;24px|0px|0px|0px&#8221; make_fullwidth=&#8221;off&#8221; use_custom_width=&#8221;off&#8221; width_unit=&#8221;off&#8221; custom_width_px=&#8221;1080px&#8221; custom_width_percent=&#8221;80%&#8221; global_colors_info=&#8221;{}&#8221;][et_pb_column type=&#8221;4_4&#8243; _builder_version=&#8221;4.16&#8243; custom_padding=&#8221;|||&#8221; global_colors_info=&#8221;{}&#8221; custom_padding__hover=&#8221;|||&#8221;][et_pb_cta title=&#8221;A EQUIPA&#8221; _builder_version=&#8221;4.16&#8243; use_background_color=&#8221;off&#8221; background_size=&#8221;initial&#8221; background_position=&#8221;top_left&#8221; background_repeat=&#8221;repeat&#8221; background_layout=&#8221;light&#8221; custom_margin=&#8221;||0px|&#8221; custom_padding=&#8221;|||&#8221; use_border_color=&#8221;off&#8221; border_color=&#8221;#ffffff&#8221; border_width=&#8221;1px&#8221; border_style=&#8221;solid&#8221; button_letter_spacing_hover=&#8221;0&#8243; global_colors_info=&#8221;{}&#8221; button_text_size__hover_enabled=&#8221;off&#8221; button_text_size__hover=&#8221;null&#8221; button_one_text_size__hover_enabled=&#8221;off&#8221; button_one_text_size__hover=&#8221;null&#8221; button_two_text_size__hover_enabled=&#8221;off&#8221; button_two_text_size__hover=&#8221;null&#8221; button_text_color__hover_enabled=&#8221;off&#8221; button_text_color__hover=&#8221;null&#8221; button_one_text_color__hover_enabled=&#8221;off&#8221; button_one_text_color__hover=&#8221;null&#8221; button_two_text_color__hover_enabled=&#8221;off&#8221; button_two_text_color__hover=&#8221;null&#8221; button_border_width__hover_enabled=&#8221;off&#8221; button_border_width__hover=&#8221;null&#8221; button_one_border_width__hover_enabled=&#8221;off&#8221; button_one_border_width__hover=&#8221;null&#8221; button_two_border_width__hover_enabled=&#8221;off&#8221; button_two_border_width__hover=&#8221;null&#8221; button_border_color__hover_enabled=&#8221;off&#8221; button_border_color__hover=&#8221;null&#8221; button_one_border_color__hover_enabled=&#8221;off&#8221; button_one_border_color__hover=&#8221;null&#8221; button_two_border_color__hover_enabled=&#8221;off&#8221; button_two_border_color__hover=&#8221;null&#8221; button_border_radius__hover_enabled=&#8221;off&#8221; button_border_radius__hover=&#8221;null&#8221; button_one_border_radius__hover_enabled=&#8221;off&#8221; button_one_border_radius__hover=&#8221;null&#8221; button_two_border_radius__hover_enabled=&#8221;off&#8221; button_two_border_radius__hover=&#8221;null&#8221; button_letter_spacing__hover_enabled=&#8221;on&#8221; button_letter_spacing__hover=&#8221;0&#8243; button_one_letter_spacing__hover_enabled=&#8221;off&#8221; button_one_letter_spacing__hover=&#8221;null&#8221; button_two_letter_spacing__hover_enabled=&#8221;off&#8221; button_two_letter_spacing__hover=&#8221;null&#8221; button_bg_color__hover_enabled=&#8221;off&#8221; button_bg_color__hover=&#8221;null&#8221; button_one_bg_color__hover_enabled=&#8221;off&#8221; button_one_bg_color__hover=&#8221;null&#8221; button_two_bg_color__hover_enabled=&#8221;off&#8221; button_two_bg_color__hover=&#8221;null&#8221;]<br \/>\n[\/et_pb_cta][\/et_pb_column][\/et_pb_row][et_pb_row column_padding_mobile=&#8221;on&#8221; custom_padding_last_edited=&#8221;on|tablet&#8221; admin_label=&#8221;row&#8221; _builder_version=&#8221;4.16&#8243; background_size=&#8221;initial&#8221; background_position=&#8221;top_left&#8221; background_repeat=&#8221;repeat&#8221; custom_padding=&#8221;|50px|30px|50px|false|false&#8221; custom_padding_tablet=&#8221;|10px||10px|false|false&#8221; custom_padding_phone=&#8221;|20px||20px|false|false&#8221; make_fullwidth=&#8221;off&#8221; use_custom_width=&#8221;off&#8221; width_unit=&#8221;off&#8221; custom_width_px=&#8221;1080px&#8221; custom_width_percent=&#8221;80%&#8221; global_colors_info=&#8221;{}&#8221;][et_pb_column type=&#8221;4_4&#8243; _builder_version=&#8221;4.16&#8243; custom_padding=&#8221;|||&#8221; global_colors_info=&#8221;{}&#8221; custom_padding__hover=&#8221;|||&#8221;][et_pb_team_member name=&#8221;Rafael Pratas Louren\u00e7o &#8221; position=&#8221;Diretor Cl\u00ednico&#8221; image_url=&#8221;http:\/\/www.cirurgiavet.com\/web\/wp-content\/uploads\/2022\/12\/rafael_lourenco.jpg&#8221; _builder_version=&#8221;4.16&#8243; _module_preset=&#8221;default&#8221; text_orientation=&#8221;left&#8221; custom_margin=&#8221;||80px||false|false&#8221; global_colors_info=&#8221;{}&#8221;]<\/p>\n<p>Come\u00e7a a sua atividade cl\u00ednica em 1999 e inicia a sua forma\u00e7\u00e3o espec\u00edfica em cirurgia veterin\u00e1ria em 2000.<\/p>\n<p>Em 2002 come\u00e7a a colaborar com v\u00e1rios centros veterin\u00e1rios na \u00e1rea da cirurgia veterin\u00e1ria (\u00e0 qual se dedica em exclusividade desde 2004) com especial \u00eanfase nas \u00e1reas da traumatologia, ortopedia e neurocirurgia tendo colaborado com mais de 40 Centros Veterin\u00e1rios Portugueses.<\/p>\n<p>Em 2008 inaugura o Centro de Cirurgia Veterin\u00e1ria de Loures, o primeiro centro veterin\u00e1rio portugu\u00eas a dedicar-se exclusivamente \u00e0 cirurgia veterin\u00e1ria.<\/p>\n<p>\u00c1reas de interesse adicional: Anatomia descritiva, topogr\u00e1fica e funcional.<\/p>\n<p>[\/et_pb_team_member][et_pb_team_member name=&#8221;Beatriz Loureiro Fernandes&#8221; position=&#8221;M\u00e9dica Veterin\u00e1ria, DVM MSc PGSaMed&#8221; image_url=&#8221;http:\/\/www.cirurgiavet.com\/web\/wp-content\/uploads\/2024\/08\/Dr.-Be-1-scaled.jpg&#8221; _builder_version=&#8221;4.23.2&#8243; _module_preset=&#8221;default&#8221; text_orientation=&#8221;left&#8221; custom_margin=&#8221;||80px||false|false&#8221; global_colors_info=&#8221;{}&#8221;]<\/p>\n<p style=\"margin: 0cm; margin-bottom: .0001pt; vertical-align: baseline;\"><span style=\"font-size: 10.5pt; font-family: 'Open Sans',sans-serif; color: #666666;\">Mestrado em Medicina Veterin\u00e1ria e in\u00edcio de atividade cl\u00ednica em 2022. Estagiou neste centro cir\u00fargico desde o 2\u00ba ano Universit\u00e1rio para forma\u00e7\u00e3o espec\u00edfica em traumatologia, cirurgia de tecidos moles, neurocirurgia e ortopedia.<o:p><\/o:p><\/span><\/p>\n<p style=\"margin: 0cm; margin-bottom: .0001pt; vertical-align: baseline;\"><span style=\"font-size: 10.5pt; font-family: 'Open Sans',sans-serif; color: #666666;\">Concluiu v\u00e1rias forma\u00e7\u00f5es espec\u00edficas de credita\u00e7\u00e3o CPD e CE nestas \u00e1reas de interesse com os centros de forma\u00e7\u00e3o WSAVA, IEVS EAVS, Novotech e Vetexcellence.<\/span><\/p>\n<p style=\"margin: 0cm; margin-bottom: .0001pt; vertical-align: baseline;\"><span style=\"font-size: 10.5pt; font-family: 'Open Sans',sans-serif; color: #666666;\">Concluiu em 2024 a P\u00f3s-gradua\u00e7\u00e3o em Medicina de Animais de Companhia, certificada pela ifeVet e pela Universidad de Nebrija.\u00a0<\/span><\/p>\n<p style=\"margin: 0cm; margin-bottom: .0001pt; vertical-align: baseline;\"><span style=\"font-size: 10.5pt; font-family: 'Open Sans',sans-serif; color: #666666;\">Tem vindo a colaborar com alguns Centros de Atendimento M\u00e9dico-Veterin\u00e1rios em regime de ambulat\u00f3rio, principalmente em cirurgia de urg\u00eancia e de tecidos moles.<o:p><\/o:p><\/span><\/p>\n<p style=\"margin: 0cm; margin-bottom: .0001pt; vertical-align: baseline;\"><span style=\"font-size: 10.5pt; font-family: 'Open Sans',sans-serif; color: #666666;\">\u00c1reas de interesse: Neurocirurgia, anestesiologia\/Analgesia, Cirurgia de Tecidos Moles, Ortopedia e Medicina de Urg\u00eancia. <o:p><\/o:p><\/span><\/p>\n<p>[\/et_pb_team_member][et_pb_team_member name=&#8221;David Vicente &#8221; position=&#8221;M\u00e9dico Veterin\u00e1rio, PhD&#8221; image_url=&#8221;http:\/\/www.cirurgiavet.com\/web\/wp-content\/uploads\/2022\/12\/david_vicente.jpg&#8221; _builder_version=&#8221;4.16&#8243; _module_preset=&#8221;default&#8221; text_orientation=&#8221;left&#8221; custom_margin=&#8221;||80px||false|false&#8221; global_colors_info=&#8221;{}&#8221;]<\/p>\n<p style=\"margin: 0cm; margin-bottom: .0001pt; vertical-align: baseline;\"><span style=\"font-size: 10.5pt; font-family: 'Open Sans',sans-serif; color: #666666;\">Mestrado em Medicina Veterin\u00e1ria em 2009, pela Universidade T\u00e9cnica de Lisboa.<o:p><\/o:p><\/span><\/p>\n<p style=\"margin: 0cm; margin-bottom: .0001pt; vertical-align: baseline;\"><span style=\"font-size: 10.5pt; font-family: 'Open Sans',sans-serif; color: #666666;\">Doutoramento em Ci\u00eancias Biom\u00e9dicas na \u00e1rea das c\u00e9lulas estaminais e desenvolvimento \u00f3sseo, conclu\u00eddo em 2014. <o:p><\/o:p><\/span><\/p>\n<p style=\"margin: 0cm; margin-bottom: .0001pt; vertical-align: baseline;\"><span style=\"font-size: 10.5pt; font-family: 'Open Sans',sans-serif; color: #666666;\">Em 2018, concluiu a Resid\u00eancia em Cirurgia de Pequenos Animais para o Col\u00e9gio Europeu de Cirurgia Veterin\u00e1ria (ECVS) efetuada na Universidade de Glasgow e na Universidade Sueca de Ci\u00eancias Agr\u00e1rias. Desde ent\u00e3o tem trabalhado em hospitais de refer\u00eancia no Reino Unido e Finl\u00e2ndia. <o:p><\/o:p><\/span><\/p>\n<p style=\"margin: 0cm; margin-bottom: .0001pt; vertical-align: baseline;\"><span style=\"font-size: 10.5pt; font-family: 'Open Sans',sans-serif; color: #666666;\">Em 2022, passou a residir em Lisboa onde acumula fun\u00e7\u00f5es de cirurgi\u00e3o e professor universit\u00e1rio.<o:p><\/o:p><\/span><\/p>\n<p style=\"margin: 0cm; margin-bottom: .0001pt; vertical-align: baseline;\"><span style=\"font-size: 10.5pt; font-family: 'Open Sans',sans-serif; color: #666666;\">\u00c1reas de interesse: Traumatologia e Ortopedia com especial relev\u00e2ncia na pr\u00f3tese da anca e joelho, patologias dos cruzados e cotovelo; Cirurgia oncol\u00f3gica. <o:p><\/o:p><\/span><\/p>\n<p>[\/et_pb_team_member][\/et_pb_column][\/et_pb_row][et_pb_row padding_mobile=&#8221;off&#8221; column_padding_mobile=&#8221;on&#8221; admin_label=&#8221;row&#8221; _builder_version=&#8221;4.16&#8243; background_size=&#8221;initial&#8221; background_position=&#8221;top_left&#8221; background_repeat=&#8221;repeat&#8221; module_alignment=&#8221;center&#8221; custom_margin=&#8221;|272px||auto||&#8221; custom_padding=&#8221;24px|0px|24px|0px&#8221; make_fullwidth=&#8221;off&#8221; use_custom_width=&#8221;off&#8221; width_unit=&#8221;off&#8221; custom_width_px=&#8221;1080px&#8221; custom_width_percent=&#8221;80%&#8221; global_colors_info=&#8221;{}&#8221;][et_pb_column type=&#8221;4_4&#8243; _builder_version=&#8221;4.16&#8243; custom_padding=&#8221;|||&#8221; global_colors_info=&#8221;{}&#8221; custom_padding__hover=&#8221;|||&#8221;][et_pb_cta title=&#8221;INSTALA\u00c7\u00d5ES&#8221; _builder_version=&#8221;4.16&#8243; use_background_color=&#8221;off&#8221; background_size=&#8221;initial&#8221; background_position=&#8221;top_left&#8221; background_repeat=&#8221;repeat&#8221; background_layout=&#8221;light&#8221; use_border_color=&#8221;off&#8221; border_color=&#8221;#ffffff&#8221; border_width=&#8221;1px&#8221; border_style=&#8221;solid&#8221; button_letter_spacing_hover=&#8221;0&#8243; global_colors_info=&#8221;{}&#8221; button_text_size__hover_enabled=&#8221;off&#8221; button_text_size__hover=&#8221;null&#8221; button_one_text_size__hover_enabled=&#8221;off&#8221; button_one_text_size__hover=&#8221;null&#8221; button_two_text_size__hover_enabled=&#8221;off&#8221; button_two_text_size__hover=&#8221;null&#8221; button_text_color__hover_enabled=&#8221;off&#8221; button_text_color__hover=&#8221;null&#8221; button_one_text_color__hover_enabled=&#8221;off&#8221; button_one_text_color__hover=&#8221;null&#8221; button_two_text_color__hover_enabled=&#8221;off&#8221; button_two_text_color__hover=&#8221;null&#8221; button_border_width__hover_enabled=&#8221;off&#8221; button_border_width__hover=&#8221;null&#8221; button_one_border_width__hover_enabled=&#8221;off&#8221; button_one_border_width__hover=&#8221;null&#8221; button_two_border_width__hover_enabled=&#8221;off&#8221; button_two_border_width__hover=&#8221;null&#8221; button_border_color__hover_enabled=&#8221;off&#8221; button_border_color__hover=&#8221;null&#8221; button_one_border_color__hover_enabled=&#8221;off&#8221; button_one_border_color__hover=&#8221;null&#8221; button_two_border_color__hover_enabled=&#8221;off&#8221; button_two_border_color__hover=&#8221;null&#8221; button_border_radius__hover_enabled=&#8221;off&#8221; button_border_radius__hover=&#8221;null&#8221; button_one_border_radius__hover_enabled=&#8221;off&#8221; button_one_border_radius__hover=&#8221;null&#8221; button_two_border_radius__hover_enabled=&#8221;off&#8221; button_two_border_radius__hover=&#8221;null&#8221; button_letter_spacing__hover_enabled=&#8221;on&#8221; button_letter_spacing__hover=&#8221;0&#8243; button_one_letter_spacing__hover_enabled=&#8221;off&#8221; button_one_letter_spacing__hover=&#8221;null&#8221; button_two_letter_spacing__hover_enabled=&#8221;off&#8221; button_two_letter_spacing__hover=&#8221;null&#8221; button_bg_color__hover_enabled=&#8221;off&#8221; button_bg_color__hover=&#8221;null&#8221; button_one_bg_color__hover_enabled=&#8221;off&#8221; button_one_bg_color__hover=&#8221;null&#8221; button_two_bg_color__hover_enabled=&#8221;off&#8221; button_two_bg_color__hover=&#8221;null&#8221;]<br \/>\n[\/et_pb_cta][et_pb_gallery gallery_ids=&#8221;73,29723,29724&#8243; posts_number=&#8221;20&#8243; show_title_and_caption=&#8221;off&#8221; show_pagination=&#8221;off&#8221; _builder_version=&#8221;4.16&#8243; module_alignment=&#8221;center&#8221; min_height=&#8221;297px&#8221; custom_margin=&#8221;||73px|||&#8221; use_border_color=&#8221;off&#8221; global_colors_info=&#8221;{}&#8221;]<br \/>\n[\/et_pb_gallery][et_pb_cta title=&#8221;EQUIPA&#8221; _builder_version=&#8221;4.16&#8243; use_background_color=&#8221;off&#8221; background_size=&#8221;initial&#8221; background_position=&#8221;top_left&#8221; background_repeat=&#8221;repeat&#8221; background_layout=&#8221;light&#8221; use_border_color=&#8221;off&#8221; border_color=&#8221;#ffffff&#8221; border_width=&#8221;1px&#8221; border_style=&#8221;solid&#8221; button_letter_spacing_hover=&#8221;0&#8243; global_colors_info=&#8221;{}&#8221; button_text_size__hover_enabled=&#8221;off&#8221; button_text_size__hover=&#8221;null&#8221; button_one_text_size__hover_enabled=&#8221;off&#8221; button_one_text_size__hover=&#8221;null&#8221; button_two_text_size__hover_enabled=&#8221;off&#8221; button_two_text_size__hover=&#8221;null&#8221; button_text_color__hover_enabled=&#8221;off&#8221; button_text_color__hover=&#8221;null&#8221; button_one_text_color__hover_enabled=&#8221;off&#8221; button_one_text_color__hover=&#8221;null&#8221; button_two_text_color__hover_enabled=&#8221;off&#8221; button_two_text_color__hover=&#8221;null&#8221; button_border_width__hover_enabled=&#8221;off&#8221; button_border_width__hover=&#8221;null&#8221; button_one_border_width__hover_enabled=&#8221;off&#8221; button_one_border_width__hover=&#8221;null&#8221; button_two_border_width__hover_enabled=&#8221;off&#8221; button_two_border_width__hover=&#8221;null&#8221; button_border_color__hover_enabled=&#8221;off&#8221; button_border_color__hover=&#8221;null&#8221; button_one_border_color__hover_enabled=&#8221;off&#8221; button_one_border_color__hover=&#8221;null&#8221; button_two_border_color__hover_enabled=&#8221;off&#8221; button_two_border_color__hover=&#8221;null&#8221; button_border_radius__hover_enabled=&#8221;off&#8221; button_border_radius__hover=&#8221;null&#8221; button_one_border_radius__hover_enabled=&#8221;off&#8221; button_one_border_radius__hover=&#8221;null&#8221; button_two_border_radius__hover_enabled=&#8221;off&#8221; button_two_border_radius__hover=&#8221;null&#8221; button_letter_spacing__hover_enabled=&#8221;on&#8221; button_letter_spacing__hover=&#8221;0&#8243; button_one_letter_spacing__hover_enabled=&#8221;off&#8221; button_one_letter_spacing__hover=&#8221;null&#8221; button_two_letter_spacing__hover_enabled=&#8221;off&#8221; button_two_letter_spacing__hover=&#8221;null&#8221; button_bg_color__hover_enabled=&#8221;off&#8221; button_bg_color__hover=&#8221;null&#8221; button_one_bg_color__hover_enabled=&#8221;off&#8221; button_one_bg_color__hover=&#8221;null&#8221; button_two_bg_color__hover_enabled=&#8221;off&#8221; button_two_bg_color__hover=&#8221;null&#8221;]<br \/>\n[\/et_pb_cta][\/et_pb_column][\/et_pb_row][et_pb_row column_structure=&#8221;1_3,1_3,1_3&#8243; _builder_version=&#8221;4.19.2&#8243; _module_preset=&#8221;default&#8221; global_colors_info=&#8221;{}&#8221;][et_pb_column type=&#8221;1_3&#8243; _builder_version=&#8221;4.19.2&#8243; _module_preset=&#8221;default&#8221; global_colors_info=&#8221;{}&#8221;][et_pb_image src=&#8221;http:\/\/www.cirurgiavet.com\/web\/wp-content\/uploads\/2023\/02\/WhatsApp-Image-2023-02-26-at-19.55.13.jpeg&#8221; title_text=&#8221;WhatsApp Image 2023-02-26 at 19.55.13&#8243; _builder_version=&#8221;4.19.2&#8243; _module_preset=&#8221;default&#8221; global_colors_info=&#8221;{}&#8221;][\/et_pb_image][\/et_pb_column][et_pb_column type=&#8221;1_3&#8243; _builder_version=&#8221;4.19.2&#8243; _module_preset=&#8221;default&#8221; global_colors_info=&#8221;{}&#8221;][et_pb_image src=&#8221;http:\/\/www.cirurgiavet.com\/web\/wp-content\/uploads\/2023\/02\/WhatsApp-Image-2023-02-26-at-19.55.14-1.jpeg&#8221; title_text=&#8221;WhatsApp Image 2023-02-26 at 19.55.14 (1)&#8221; _builder_version=&#8221;4.19.2&#8243; _module_preset=&#8221;default&#8221; global_colors_info=&#8221;{}&#8221;][\/et_pb_image][\/et_pb_column][et_pb_column type=&#8221;1_3&#8243; _builder_version=&#8221;4.19.2&#8243; _module_preset=&#8221;default&#8221; global_colors_info=&#8221;{}&#8221;][et_pb_image src=&#8221;http:\/\/www.cirurgiavet.com\/web\/wp-content\/uploads\/2023\/02\/WhatsApp-Image-2023-02-26-at-19.55.14.jpeg&#8221; title_text=&#8221;WhatsApp Image 2023-02-26 at 19.55.14&#8243; _builder_version=&#8221;4.19.2&#8243; _module_preset=&#8221;default&#8221; global_colors_info=&#8221;{}&#8221;][\/et_pb_image][\/et_pb_column][\/et_pb_row][\/et_pb_section]<\/p>\n","protected":false},"excerpt":{"rendered":"<p>Os servi\u00e7os que disponibilizamos centram-se exclusivamente no diagn\u00f3stico e tratamento das doen\u00e7as do foro cir\u00fargico. N\u00e3o efectuamos servi\u00e7os fora deste \u00e2mbito, como vacina\u00e7\u00f5es, venda de produtos veterin\u00e1rios, etc, sendo estes disponibilizados pelo seu M\u00e9dico Veterin\u00e1rio Assistente. Privilegiamos o contacto permanente com o seu M\u00e9dico Veterin\u00e1rio Assistente durante todo o processo de diagn\u00f3stico e tratamento. Consideramo-nos [&hellip;]<\/p>\n","protected":false},"author":1,"featured_media":0,"parent":0,"menu_order":0,"comment_status":"closed","ping_status":"closed","template":"","meta":{"_et_pb_use_builder":"on","_et_pb_old_content":"Os servi\u00e7os que disponibilizamos centram-se exclusivamente no diagn\u00f3stico e tratamento das doen\u00e7as do foro cir\u00fargico.\r\n\r\nN\u00e3o efectuamos servi\u00e7os fora deste \u00e2mbito, como vacina\u00e7\u00f5es, venda de produtos veterin\u00e1rios, etc, sendo estes disponibilizados pelo seu M\u00e9dico Veterin\u00e1rio Assistente.\r\n\r\nPrivilegiamos o contacto permanente com o seu M\u00e9dico Veterin\u00e1rio Assistente durante todo o processo de diagn\u00f3stico e tratamento.\r\n\r\nConsideramo-nos uma extens\u00e3o dos v\u00e1rios centros veterin\u00e1rios que recorrem aos nossos servi\u00e7os e com os quais temos trabalhado desde h\u00e1 v\u00e1rios anos.\r\n\r\nEquipa\r\nRafael Pratas Louren\u00e7o\r\nCome\u00e7a a sua actividade cl\u00ednica em 1999 e inicia a sua forma\u00e7\u00e3o espec\u00edfica em cirurgia veterin\u00e1ria em 2000.\r\nEm 2002 come\u00e7a a colaborar com v\u00e1rios centros veterin\u00e1rios na \u00e1rea da cirurgia veterin\u00e1ria (\u00e0 qual se dedica em exclusividade desde 2004) com especial \u00eanfase nas \u00e1reas da traumatologia e ortopedia, tendo colaborado com mais de 40 Centros Veterin\u00e1rios Portugueses.\r\nEm 2008 inaugura o Centro de Cirurgia Veterin\u00e1ria de Loures, o primeiro centro veterin\u00e1rio portugu\u00eas a\r\ndedicar-se exclusivamente \u00e1 cirurgia veterin\u00e1ria. Em 2011 o centro de cirurgia veterin\u00e1ria de loures contabiliza como fonte de casos clinicos de referencia mais de 80 cl\u00ednicas veterin\u00e1rias portuguesas.\r\n> Clique aqui para ler entrevista em \"Veterin\u00e1ria Atual\".\r\n\r\nCristina Isabel Pi\u00e3es Valente\r\n2 anos de experi\u00eancia como auxiliar hospitalar entre 2007 e 2009. Desde 2009 que trabalha na \u00e1rea da cirurgia veterin\u00e1ria.\r\n\r\nInstala\u00e7\u00f5es\r\n\r\nClique nas miniaturas para ampliar. Para navegar para a imagem seguinte, clique sobre a mesma.\r\n\r\n[gallery ids=\"73,74,75,76,77,78,79,80,81,82,83,84,85,86,87,88,89,90,91,92,93,94\"][\/fusion_text][fusionslider name=\"instalacoes\" class=\"\" id=\"\"]","_et_gb_content_width":"","footnotes":""},"_links":{"self":[{"href":"http:\/\/www.cirurgiavet.com\/web\/wp-json\/wp\/v2\/pages\/72"}],"collection":[{"href":"http:\/\/www.cirurgiavet.com\/web\/wp-json\/wp\/v2\/pages"}],"about":[{"href":"http:\/\/www.cirurgiavet.com\/web\/wp-json\/wp\/v2\/types\/page"}],"author":[{"embeddable":true,"href":"http:\/\/www.cirurgiavet.com\/web\/wp-json\/wp\/v2\/users\/1"}],"replies":[{"embeddable":true,"href":"http:\/\/www.cirurgiavet.com\/web\/wp-json\/wp\/v2\/comments?post=72"}],"version-history":[{"count":36,"href":"http:\/\/www.cirurgiavet.com\/web\/wp-json\/wp\/v2\/pages\/72\/revisions"}],"predecessor-version":[{"id":29820,"href":"http:\/\/www.cirurgiavet.com\/web\/wp-json\/wp\/v2\/pages\/72\/revisions\/29820"}],"wp:attachment":[{"href":"http:\/\/www.cirurgiavet.com\/web\/wp-json\/wp\/v2\/media?parent=72"}],"curies":[{"name":"wp","href":"https:\/\/api.w.org\/{rel}","templated":true}]}}