{"id":361,"date":"2016-02-23T13:05:20","date_gmt":"2016-02-23T13:05:20","guid":{"rendered":"http:\/\/www.cirurgiavet.com\/web\/?page_id=361"},"modified":"2019-01-29T15:54:45","modified_gmt":"2019-01-29T15:54:45","slug":"links","status":"publish","type":"page","link":"http:\/\/www.cirurgiavet.com\/web\/links\/","title":{"rendered":"LINKS"},"content":{"rendered":"<p>[et_pb_section bb_built=&#8221;1&#8243; admin_label=&#8221;section&#8221; transparent_background=&#8221;off&#8221; allow_player_pause=&#8221;off&#8221; inner_shadow=&#8221;off&#8221; parallax=&#8221;off&#8221; parallax_method=&#8221;on&#8221; custom_padding=&#8221;0px|0px|24px|0px&#8221; padding_mobile=&#8221;off&#8221; make_fullwidth=&#8221;off&#8221; use_custom_width=&#8221;off&#8221; width_unit=&#8221;off&#8221; custom_width_px=&#8221;1080px&#8221; custom_width_percent=&#8221;80%&#8221; make_equal=&#8221;off&#8221; use_custom_gutter=&#8221;off&#8221; fullwidth=&#8221;off&#8221; specialty=&#8221;off&#8221; disabled=&#8221;off&#8221; custom_padding_tablet=&#8221;50px|0|50px|0&#8243; custom_padding_last_edited=&#8221;on|desktop&#8221; prev_background_color=&#8221;#000000&#8243; next_background_color=&#8221;#000000&#8243;][et_pb_row admin_label=&#8221;row&#8221; make_fullwidth=&#8221;off&#8221; use_custom_width=&#8221;off&#8221; width_unit=&#8221;off&#8221; custom_width_px=&#8221;1080px&#8221; custom_width_percent=&#8221;80%&#8221; use_custom_gutter=&#8221;off&#8221; gutter_width=&#8221;3&#8243; custom_padding=&#8221;40px|0px|24px|0px&#8221; padding_mobile=&#8221;off&#8221; allow_player_pause=&#8221;off&#8221; parallax=&#8221;off&#8221; parallax_method=&#8221;on&#8221; make_equal=&#8221;off&#8221; column_padding_mobile=&#8221;on&#8221; parallax_1=&#8221;off&#8221; parallax_method_1=&#8221;on&#8221; parallax_2=&#8221;off&#8221; parallax_method_2=&#8221;on&#8221; parallax_3=&#8221;off&#8221; parallax_method_3=&#8221;on&#8221; parallax_4=&#8221;off&#8221; parallax_method_4=&#8221;on&#8221; disabled=&#8221;off&#8221; background_position=&#8221;top_left&#8221; background_repeat=&#8221;repeat&#8221; background_size=&#8221;initial&#8221;][et_pb_column type=&#8221;4_4&#8243;][et_pb_cta title=&#8221;LINKS&#8221; url_new_window=&#8221;off&#8221; use_background_color=&#8221;off&#8221; background_color=&#8221;#7EBEC5&#8243; background_layout=&#8221;light&#8221; text_orientation=&#8221;center&#8221; use_border_color=&#8221;off&#8221; border_color=&#8221;#ffffff&#8221; border_width=&#8221;1px&#8221; border_style=&#8221;solid&#8221; custom_button=&#8221;off&#8221; button_text_size=&#8221;20&#8243; button_letter_spacing=&#8221;0&#8243; button_use_icon=&#8221;default&#8221; button_icon_placement=&#8221;right&#8221; button_on_hover=&#8221;on&#8221; button_letter_spacing_hover=&#8221;0&#8243; disabled=&#8221;off&#8221; saved_tabs=&#8221;all&#8221; background_position=&#8221;top_left&#8221; background_repeat=&#8221;repeat&#8221; background_size=&#8221;initial&#8221; button_text_size__hover_enabled=&#8221;off&#8221; button_text_size__hover=&#8221;null&#8221; button_one_text_size__hover_enabled=&#8221;off&#8221; button_one_text_size__hover=&#8221;null&#8221; button_two_text_size__hover_enabled=&#8221;off&#8221; button_two_text_size__hover=&#8221;null&#8221; button_text_color__hover_enabled=&#8221;off&#8221; button_text_color__hover=&#8221;null&#8221; button_one_text_color__hover_enabled=&#8221;off&#8221; button_one_text_color__hover=&#8221;null&#8221; button_two_text_color__hover_enabled=&#8221;off&#8221; button_two_text_color__hover=&#8221;null&#8221; button_border_width__hover_enabled=&#8221;off&#8221; button_border_width__hover=&#8221;null&#8221; button_one_border_width__hover_enabled=&#8221;off&#8221; button_one_border_width__hover=&#8221;null&#8221; button_two_border_width__hover_enabled=&#8221;off&#8221; button_two_border_width__hover=&#8221;null&#8221; button_border_color__hover_enabled=&#8221;off&#8221; button_border_color__hover=&#8221;null&#8221; button_one_border_color__hover_enabled=&#8221;off&#8221; button_one_border_color__hover=&#8221;null&#8221; button_two_border_color__hover_enabled=&#8221;off&#8221; button_two_border_color__hover=&#8221;null&#8221; button_border_radius__hover_enabled=&#8221;off&#8221; button_border_radius__hover=&#8221;null&#8221; button_one_border_radius__hover_enabled=&#8221;off&#8221; button_one_border_radius__hover=&#8221;null&#8221; button_two_border_radius__hover_enabled=&#8221;off&#8221; button_two_border_radius__hover=&#8221;null&#8221; button_letter_spacing__hover_enabled=&#8221;on&#8221; button_letter_spacing__hover=&#8221;0&#8243; button_one_letter_spacing__hover_enabled=&#8221;off&#8221; button_one_letter_spacing__hover=&#8221;null&#8221; button_two_letter_spacing__hover_enabled=&#8221;off&#8221; button_two_letter_spacing__hover=&#8221;null&#8221; button_bg_color__hover_enabled=&#8221;off&#8221; button_bg_color__hover=&#8221;null&#8221; button_one_bg_color__hover_enabled=&#8221;off&#8221; button_one_bg_color__hover=&#8221;null&#8221; button_two_bg_color__hover_enabled=&#8221;off&#8221; button_two_bg_color__hover=&#8221;null&#8221; \/][et_pb_text use_border_color=&#8221;off&#8221; disabled=&#8221;off&#8221; background_position=&#8221;top_left&#8221; background_repeat=&#8221;repeat&#8221; background_size=&#8221;initial&#8221; _builder_version=&#8221;3.19.9&#8243;]<\/p>\n<p><img loading=\"lazy\" decoding=\"async\" src=\"http:\/\/www.cirurgiavet.com\/images\/tag__arrow.png\" alt=\"\" width=\"16\" height=\"16\" \/> <span class=\"text-headers-4\"><a href=\"http:\/\/www.cvmbs.colostate.edu\/vetneuro\/index.html\" target=\"_blank\" rel=\"noopener\">Anatomia Virtual<\/a><\/span><br \/>Anatomia Canina, Equina e exame neurol\u00f3gico.<\/p>\n<p><img loading=\"lazy\" decoding=\"async\" src=\"http:\/\/www.cirurgiavet.com\/images\/tag__arrow.png\" alt=\"\" width=\"16\" height=\"16\" \/> <span class=\"text-headers-4\"><a href=\"http:\/\/www.iberlince.eu\/index.php\/port\/\" target=\"_blank\" rel=\"noopener\">Lince Ib\u00e9rico<\/a> <\/span><br \/>Noticias do programa de recupera\u00e7\u00e3o da esp\u00e9cie.<\/p>\n<p><img loading=\"lazy\" decoding=\"async\" src=\"http:\/\/www.cirurgiavet.com\/images\/tag__arrow.png\" alt=\"\" width=\"16\" height=\"16\" \/> <span class=\"text-headers-4\"><a href=\"http:\/\/www.vet-orthopedie.com\/\" target=\"_blank\" rel=\"noopener\">Vet Orthopedie<\/a><\/span><br \/>Website dedicado \u00e0 ortopedia e traumatologia veterin\u00e1ria onde se podem encontrar artigos, casos cl\u00ednicos, v\u00eddeos, etc<\/p>\n<p><img loading=\"lazy\" decoding=\"async\" src=\"http:\/\/www.cirurgiavet.com\/images\/tag__arrow.png\" alt=\"\" width=\"16\" height=\"16\" \/> <span class=\"text-headers-4\"><a href=\"http:\/\/thevirtualmuseumoflife.com\/\" target=\"_blank\" rel=\"noopener\">Virtual Museum of Life<\/a><\/span><br \/>Colec\u00e7\u00e3o de esqueletos 3D, nomeadamente do nosso Lince Ib\u00e9rico, entre outras potencialidades deste magn\u00edfico website.<\/p>\n<p><img loading=\"lazy\" decoding=\"async\" src=\"http:\/\/www.cirurgiavet.com\/images\/tag__arrow.png\" alt=\"\" width=\"16\" height=\"16\" \/> <a href=\"http:\/\/www.darthroplasty.com\" target=\"_blank\" rel=\"noopener\">DARthroplasty<\/a><br \/>Website sobre a T\u00e9cnica Modificada da Plastia do Bordo Acetabular Dorsal de Slocum (DARthroplasty).<\/p>\n<p>[\/et_pb_text][\/et_pb_column][\/et_pb_row][\/et_pb_section]<\/p>\n","protected":false},"excerpt":{"rendered":"<p>Anatomia VirtualAnatomia Canina, Equina e exame neurol\u00f3gico. Lince Ib\u00e9rico Noticias do programa de recupera\u00e7\u00e3o da esp\u00e9cie. Vet OrthopedieWebsite dedicado \u00e0 ortopedia e traumatologia veterin\u00e1ria onde se podem encontrar artigos, casos cl\u00ednicos, v\u00eddeos, etc Virtual Museum of LifeColec\u00e7\u00e3o de esqueletos 3D, nomeadamente do nosso Lince Ib\u00e9rico, entre outras potencialidades deste magn\u00edfico website. DARthroplastyWebsite sobre a T\u00e9cnica [&hellip;]<\/p>\n","protected":false},"author":1,"featured_media":0,"parent":0,"menu_order":0,"comment_status":"closed","ping_status":"closed","template":"","meta":{"_et_pb_use_builder":"on","_et_pb_old_content":"<p><img src=\"http:\/\/www.cirurgiavet.com\/images\/tag__arrow.png\" alt=\"\" width=\"16\" height=\"16\" \/> <span class=\"text-headers-4\"><a href=\"http:\/\/www.cvmbs.colostate.edu\/vetneuro\/index.html\" target=\"_blank\">Anatomia Virtual<\/a><\/span><br \/>Anatomia Canina, Equina e exame neurol\u00f3gico<br \/><br \/><br \/><img src=\"http:\/\/www.cirurgiavet.com\/images\/tag__arrow.png\" alt=\"\" width=\"16\" height=\"16\" \/> <span class=\"text-headers-4\"><a href=\"http:\/\/www.icnf.pt\/portal\/icnf\/noticias\/gloablnews\/lince\" target=\"_blank\">Lince Ib\u00e9rico <\/a><\/span><br \/>Noticias do programa de recupera\u00e7\u00e3o da esp\u00e9cie<br \/><br \/><br \/><img src=\"http:\/\/www.cirurgiavet.com\/images\/tag__arrow.png\" alt=\"\" width=\"16\" height=\"16\" \/> <span class=\"text-headers-4\"><a href=\"http:\/\/www.vet-orthopedie.com\/\" target=\"_blank\">Vet Orthopedie<\/a><\/span><br \/>Web site dedicado \u00e0 ortopedia e traumatologia veterin\u00e1ria onde se podem encontrar artigos, casos cl\u00ednicos , v\u00eddeos , etc<br \/><br \/><br \/><img src=\"http:\/\/www.cirurgiavet.com\/images\/tag__arrow.png\" alt=\"\" width=\"16\" height=\"16\" \/> <span class=\"text-headers-4\"><a href=\"http:\/\/thevirtualmuseumoflife.com\/\" target=\"_blank\">Virtual Museum of Life<\/a><\/span><br \/>Colec\u00e7\u00e3o de esqueletos 3D, nomeadamente do nosso Lince Ib\u00e9rico, entre outras potencialidades deste magn\u00edfico site<\/p>","_et_gb_content_width":"","footnotes":""},"_links":{"self":[{"href":"http:\/\/www.cirurgiavet.com\/web\/wp-json\/wp\/v2\/pages\/361"}],"collection":[{"href":"http:\/\/www.cirurgiavet.com\/web\/wp-json\/wp\/v2\/pages"}],"about":[{"href":"http:\/\/www.cirurgiavet.com\/web\/wp-json\/wp\/v2\/types\/page"}],"author":[{"embeddable":true,"href":"http:\/\/www.cirurgiavet.com\/web\/wp-json\/wp\/v2\/users\/1"}],"replies":[{"embeddable":true,"href":"http:\/\/www.cirurgiavet.com\/web\/wp-json\/wp\/v2\/comments?post=361"}],"version-history":[{"count":6,"href":"http:\/\/www.cirurgiavet.com\/web\/wp-json\/wp\/v2\/pages\/361\/revisions"}],"predecessor-version":[{"id":29726,"href":"http:\/\/www.cirurgiavet.com\/web\/wp-json\/wp\/v2\/pages\/361\/revisions\/29726"}],"wp:attachment":[{"href":"http:\/\/www.cirurgiavet.com\/web\/wp-json\/wp\/v2\/media?parent=361"}],"curies":[{"name":"wp","href":"https:\/\/api.w.org\/{rel}","templated":true}]}}